{"id":1361,"date":"2024-01-01T19:59:00","date_gmt":"2024-01-01T18:59:00","guid":{"rendered":"https:\/\/serwer1823947.home.pl\/fran\/?page_id=1361"},"modified":"2024-02-17T18:48:06","modified_gmt":"2024-02-17T17:48:06","slug":"cele-i-zadania","status":"publish","type":"page","link":"https:\/\/domswfranciszka.pl\/?page_id=1361","title":{"rendered":"CELE I ZADANIA"},"content":{"rendered":"\n<p><\/p>\n\n\n\n<p>Podstawowym celem Domu Opieki \u015bw. Franciszka jest udzielanie ca\u0142odobowych \u015bwiadcze\u0144 opieku\u0144czych&nbsp; osobom niepe\u0142nosprawnym, przewlekle chorym lub w podesz\u0142ym wieku.<\/p>\n\n\n\n<p>Do podstawowych zada\u0144 Domu Opieki \u015bw. Franciszka nale\u017cy:<\/p>\n\n\n\n<ol class=\"wp-block-list\">\n<li>\u015awiadczenie us\u0142ug opieku\u0144czych i bytowych,<\/li>\n\n\n\n<li>Pomoc w czynno\u015bciach \u017cycia codziennego, pomoc w ubieraniu, jedzeniu, myciu&nbsp;i k\u0105paniu,<\/li>\n\n\n\n<li>Organizacja czasu wolnego,<\/li>\n\n\n\n<li>Piel\u0119gnacja w chorobie,<\/li>\n\n\n\n<li>Pomoc w korzystaniu ze \u015bwiadcze\u0144 zdrowotnych,<\/li>\n\n\n\n<li>\u015awiadczenie us\u0142ug stacjonarnych z zakresu rehabilitacji i terapii zaj\u0119ciowej,<\/li>\n\n\n\n<li>Edukacja zdrowotna i profilaktyka.<\/li>\n\n\n\n<li>Korzystanie z dost\u0119pnej techniki i \u015brodk\u00f3w pomocniczych w celu usprawniania os\u00f3b niepe\u0142nosprawnych oraz doskonalenia piel\u0119gnacji.<\/li>\n\n\n\n<li>Wspomaganie cz\u0142onk\u00f3w rodzin i opiekun\u00f3w w sprawowaniu opieki nad osobami niepe\u0142nosprawnymi.<\/li>\n\n\n\n<li>Opieka duchowa \u015bwiadczona przez duszpasterza oraz siostry zakonne, realizowana<br>w spos\u00f3b, aby nie by\u0142y naruszone prawa os\u00f3b maj\u0105cych inne przekonania.<\/li>\n\n\n\n<li>Wsp\u00f3\u0142dzia\u0142anie z innymi jednostkami organizacyjnymi opieki zdrowotnej, szko\u0142ami, zak\u0142adami pracy, organizacjami i stowarzyszeniami.<\/li>\n<\/ol>\n\n\n<style>.wp-block-kadence-advancedbtn.kb-btns1361_3ccc4d-45{gap:var(--global-kb-gap-xs, 0.5rem );justify-content:flex-end;align-items:center;}.kt-btns1361_3ccc4d-45 .kt-button{font-weight:normal;font-style:normal;}.kt-btns1361_3ccc4d-45 .kt-btn-wrap-0{margin-right:5px;}.wp-block-kadence-advancedbtn.kt-btns1361_3ccc4d-45 .kt-btn-wrap-0 .kt-button{color:#555555;border-color:#555555;}.wp-block-kadence-advancedbtn.kt-btns1361_3ccc4d-45 .kt-btn-wrap-0 .kt-button:hover, .wp-block-kadence-advancedbtn.kt-btns1361_3ccc4d-45 .kt-btn-wrap-0 .kt-button:focus{color:#ffffff;border-color:#444444;}.wp-block-kadence-advancedbtn.kt-btns1361_3ccc4d-45 .kt-btn-wrap-0 .kt-button::before{display:none;}.wp-block-kadence-advancedbtn.kt-btns1361_3ccc4d-45 .kt-btn-wrap-0 .kt-button:hover, .wp-block-kadence-advancedbtn.kt-btns1361_3ccc4d-45 .kt-btn-wrap-0 .kt-button:focus{background:#444444;}<\/style>\n<div class=\"wp-block-kadence-advancedbtn kb-buttons-wrap kb-btns1361_3ccc4d-45\"><style>ul.menu .wp-block-kadence-advancedbtn .kb-btn1361_c667eb-b4.kb-button{width:initial;}<\/style><a class=\"kb-button kt-button button kb-btn1361_c667eb-b4 kt-btn-size-standard kt-btn-width-type-auto kb-btn-global-fill  kt-btn-has-text-true kt-btn-has-svg-false  wp-block-kadence-singlebtn\" href=\"https:\/\/domswfranciszka.pl\/?page_id=1363\"><span class=\"kt-btn-inner-text\">HISTORIA<\/span><\/a><\/div>\n","protected":false},"excerpt":{"rendered":"<p>Podstawowym celem Domu Opieki \u015bw. Franciszka jest udzielanie ca\u0142odobowych \u015bwiadcze\u0144 opieku\u0144czych&nbsp; osobom niepe\u0142nosprawnym, przewlekle chorym lub w podesz\u0142ym wieku. Do podstawowych zada\u0144 Domu Opieki \u015bw. Franciszka nale\u017cy:<\/p>\n","protected":false},"author":1,"featured_media":1767,"parent":0,"menu_order":0,"comment_status":"closed","ping_status":"closed","template":"","meta":{"_kadence_starter_templates_imported_post":false,"_kad_post_transparent":"","_kad_post_title":"","_kad_post_layout":"narrow","_kad_post_sidebar_id":"","_kad_post_content_style":"","_kad_post_vertical_padding":"show","_kad_post_feature":"show","_kad_post_feature_position":"above","_kad_post_header":false,"_kad_post_footer":false,"_kad_post_classname":"","footnotes":""},"class_list":["post-1361","page","type-page","status-publish","has-post-thumbnail","hentry"],"_links":{"self":[{"href":"https:\/\/domswfranciszka.pl\/index.php?rest_route=\/wp\/v2\/pages\/1361","targetHints":{"allow":["GET"]}}],"collection":[{"href":"https:\/\/domswfranciszka.pl\/index.php?rest_route=\/wp\/v2\/pages"}],"about":[{"href":"https:\/\/domswfranciszka.pl\/index.php?rest_route=\/wp\/v2\/types\/page"}],"author":[{"embeddable":true,"href":"https:\/\/domswfranciszka.pl\/index.php?rest_route=\/wp\/v2\/users\/1"}],"replies":[{"embeddable":true,"href":"https:\/\/domswfranciszka.pl\/index.php?rest_route=%2Fwp%2Fv2%2Fcomments&post=1361"}],"version-history":[{"count":3,"href":"https:\/\/domswfranciszka.pl\/index.php?rest_route=\/wp\/v2\/pages\/1361\/revisions"}],"predecessor-version":[{"id":1902,"href":"https:\/\/domswfranciszka.pl\/index.php?rest_route=\/wp\/v2\/pages\/1361\/revisions\/1902"}],"wp:featuredmedia":[{"embeddable":true,"href":"https:\/\/domswfranciszka.pl\/index.php?rest_route=\/wp\/v2\/media\/1767"}],"wp:attachment":[{"href":"https:\/\/domswfranciszka.pl\/index.php?rest_route=%2Fwp%2Fv2%2Fmedia&parent=1361"}],"curies":[{"name":"wp","href":"https:\/\/api.w.org\/{rel}","templated":true}]}}